{"id":149,"date":"2026-04-16T14:47:41","date_gmt":"2026-04-16T14:47:41","guid":{"rendered":"https:\/\/jmiodek.aivikando.com.pl\/?post_type=product&#038;p=149"},"modified":"2026-04-16T18:45:57","modified_gmt":"2026-04-16T18:45:57","slug":"krowka-klasyczna-premium","status":"publish","type":"product","link":"https:\/\/jmiodek.aivikando.com.pl\/?product=krowka-klasyczna-premium","title":{"rendered":"Kr\u00f3wka klasyczna PREMIUM"},"content":{"rendered":"<section class=\"l-section wpb_row height_auto width_full\"><div class=\"l-section-h i-cf\"><div class=\"g-cols vc_row via_flex valign_top type_default stacking_default\"><div class=\"vc_col-sm-6 wpb_column vc_column_container\"><div class=\"vc_column-inner\"><div class=\"wpb_wrapper\"><div class=\"wpb_text_column\"><div class=\"wpb_wrapper\"><p>Nieziemsko, zniewalaj\u0105cy karmelowo-ma\u015blany smak, kt\u00f3ry przywo\u0142uje <strong>najpi\u0119kniejsze dzieci\u0119ce wspomnienia.<\/strong> Smak, kt\u00f3ry na zawsze zapadnie w Waszej pami\u0119ci. Delikatne, rozp\u0142ywaj\u0105ce si\u0119 w ustach, mi\u0119kkie i s\u0142odkie. Z czasem kruszej\u0105.<\/p>\n<p><strong>Ca\u0142kowicie r\u0119cznie przygotowany<\/strong> produkt od samego pocz\u0105tku, a\u017c po r\u0119czne pakowanie. Zawsze przygotowywane <strong>na \u015bwie\u017co,<\/strong> na ka\u017cde indywidualne zam\u00f3wienie, dlatego te\u017c <strong>na wysy\u0142k\u0119 trzeba poczeka\u0107 do ok. 7 dni<\/strong><\/p>\n<p>Kr\u00f3wki przygotowuj\u0119 w smakach: <strong>klasyczne-mleczne i kokosowe<\/strong>, takie wiecie kokosowo-kokosowe, bez \u015bciemy\u2026 a w przygotowaniu s\u0105 kolejne smaki i zapewniam Pa\u0144stwa, \u017ce <strong>smak ich Was nie zawiedzie.<\/strong><\/p>\n<\/div><\/div><\/div><\/div><\/div><div class=\"vc_col-sm-6 wpb_column vc_column_container\"><div class=\"vc_column-inner\"><div class=\"wpb_wrapper\"><div class=\"wpb_text_column\"><div class=\"wpb_wrapper\"><p><strong>Idealne nie tylko jako s\u0142odycz<\/strong><br \/>\nA co je charakteryzuje?<\/p>\n<ul>\n<li><strong>100 % r\u0119czne<\/strong> wykonanie<\/li>\n<li><strong>kr\u00f3tki sk\u0142ad<\/strong> \u2013 tylko 3 skladniki! w wersji classic<\/li>\n<li><strong>karmelowy, ma\u015blany smak<\/strong><\/li>\n<li><strong>s\u0142odkie i mi\u0119kkie,<\/strong> z czasem kruszej\u0105<\/li>\n<li>zawsze <strong>zapakowane w eleganckie<\/strong> bia\u0142e pude\u0142ko<\/li>\n<li>przygotowane do wr\u0119czenia<\/li>\n<\/ul>\n<p>Jak to m\u00f3wi\u0105 ich fani..: <strong>\u201esmak, kt\u00f3ry broni si\u0119 sam\u201d<\/strong> I ja si\u0119 z tym ca\u0142kowicie zgadzam, bo to m\u00f3j flagowy produkt. Dopracowany, idealny&#8230;kto raz spr\u00f3buje wraca po te \u201eokropne, uzale\u017cniaj\u0105ce cukierki-kr\u00f3wki\u201d<\/p>\n<\/div><\/div><\/div><\/div><\/div><\/div><\/div><\/section>\n","protected":false},"excerpt":{"rendered":"Nieziemsko, zniewalaj\u0105cy karmelowo-ma\u015blany smak, kt\u00f3ry przywo\u0142uje najpi\u0119kniejsze dzieci\u0119ce wspomnienia. Smak, kt\u00f3ry na zawsze zapadnie w Waszej pami\u0119ci. Delikatne, rozp\u0142ywaj\u0105ce si\u0119 w ustach, mi\u0119kkie i s\u0142odkie. Z czasem kruszej\u0105. Ca\u0142kowicie r\u0119cznie przygotowany produkt od samego pocz\u0105tku, a\u017c po r\u0119czne pakowanie. Zawsze przygotowywane na \u015bwie\u017co, na ka\u017cde indywidualne zam\u00f3wienie, dlatego te\u017c na wysy\u0142k\u0119 trzeba poczeka\u0107 do ok....","protected":false},"featured_media":158,"comment_status":"open","ping_status":"closed","template":"","meta":[],"product_brand":[],"product_cat":[18],"product_tag":[],"class_list":{"0":"post-149","1":"product","2":"type-product","3":"status-publish","4":"has-post-thumbnail","6":"product_cat-krowki-premium","8":"first","9":"instock","10":"shipping-taxable","11":"purchasable","12":"product-type-variable","13":"has-default-attributes"},"_links":{"self":[{"href":"https:\/\/jmiodek.aivikando.com.pl\/index.php?rest_route=\/wp\/v2\/product\/149","targetHints":{"allow":["GET"]}}],"collection":[{"href":"https:\/\/jmiodek.aivikando.com.pl\/index.php?rest_route=\/wp\/v2\/product"}],"about":[{"href":"https:\/\/jmiodek.aivikando.com.pl\/index.php?rest_route=\/wp\/v2\/types\/product"}],"replies":[{"embeddable":true,"href":"https:\/\/jmiodek.aivikando.com.pl\/index.php?rest_route=%2Fwp%2Fv2%2Fcomments&post=149"}],"wp:featuredmedia":[{"embeddable":true,"href":"https:\/\/jmiodek.aivikando.com.pl\/index.php?rest_route=\/wp\/v2\/media\/158"}],"wp:attachment":[{"href":"https:\/\/jmiodek.aivikando.com.pl\/index.php?rest_route=%2Fwp%2Fv2%2Fmedia&parent=149"}],"wp:term":[{"taxonomy":"product_brand","embeddable":true,"href":"https:\/\/jmiodek.aivikando.com.pl\/index.php?rest_route=%2Fwp%2Fv2%2Fproduct_brand&post=149"},{"taxonomy":"product_cat","embeddable":true,"href":"https:\/\/jmiodek.aivikando.com.pl\/index.php?rest_route=%2Fwp%2Fv2%2Fproduct_cat&post=149"},{"taxonomy":"product_tag","embeddable":true,"href":"https:\/\/jmiodek.aivikando.com.pl\/index.php?rest_route=%2Fwp%2Fv2%2Fproduct_tag&post=149"}],"curies":[{"name":"wp","href":"https:\/\/api.w.org\/{rel}","templated":true}]}}