{"id":10,"date":"2026-04-15T13:20:19","date_gmt":"2026-04-15T13:20:19","guid":{"rendered":"https:\/\/jmiodek.aivikando.com.pl\/?page_id=10"},"modified":"2026-04-16T16:32:34","modified_gmt":"2026-04-16T16:32:34","slug":"koszyk","status":"publish","type":"page","link":"https:\/\/jmiodek.aivikando.com.pl\/?page_id=10","title":{"rendered":"Koszyk"},"content":{"rendered":"\n<div data-block-name=\"woocommerce\/cart\" class=\"wp-block-woocommerce-cart alignwide is-loading\">\n<div data-block-name=\"woocommerce\/filled-cart-block\" class=\"wp-block-woocommerce-filled-cart-block\">\n<div data-block-name=\"woocommerce\/cart-items-block\" class=\"wp-block-woocommerce-cart-items-block\">\n<div data-block-name=\"woocommerce\/cart-line-items-block\" class=\"wp-block-woocommerce-cart-line-items-block\"><\/div>\n\n\n<\/div>\n\n\n\n\n<div data-block-name=\"woocommerce\/cart-totals-block\" class=\"wp-block-woocommerce-cart-totals-block\">\n<div data-block-name=\"woocommerce\/cart-order-summary-block\" class=\"wp-block-woocommerce-cart-order-summary-block\">\n<div data-block-name=\"woocommerce\/cart-order-summary-heading-block\" class=\"wp-block-woocommerce-cart-order-summary-heading-block\"><\/div><div data-block-name=\"woocommerce\/cart-order-summary-coupon-form-block\" class=\"wp-block-woocommerce-cart-order-summary-coupon-form-block\"><\/div><div data-block-name=\"woocommerce\/cart-order-summary-totals-block\" class=\"wp-block-woocommerce-cart-order-summary-totals-block\">\n<div data-block-name=\"woocommerce\/cart-order-summary-subtotal-block\" class=\"wp-block-woocommerce-cart-order-summary-subtotal-block\"><\/div>\n<div data-block-name=\"woocommerce\/cart-order-summary-discount-block\" class=\"wp-block-woocommerce-cart-order-summary-discount-block\"><\/div>\n<div data-block-name=\"woocommerce\/cart-order-summary-fee-block\" class=\"wp-block-woocommerce-cart-order-summary-fee-block\"><\/div>\n<div data-block-name=\"woocommerce\/cart-order-summary-shipping-block\" class=\"wp-block-woocommerce-cart-order-summary-shipping-block\"><\/div>\n<div data-block-name=\"woocommerce\/cart-order-summary-taxes-block\" class=\"wp-block-woocommerce-cart-order-summary-taxes-block\"><\/div><\/div>\n<\/div>\n\n\n\n<div data-block-name=\"woocommerce\/cart-express-payment-block\" class=\"wp-block-woocommerce-cart-express-payment-block\"><\/div>\n\n\n\n<div data-block-name=\"woocommerce\/proceed-to-checkout-block\" class=\"wp-block-woocommerce-proceed-to-checkout-block\"><\/div>\n\n\n\n<div data-block-name=\"woocommerce\/cart-accepted-payment-methods-block\" class=\"wp-block-woocommerce-cart-accepted-payment-methods-block\"><\/div>\n<\/div>\n<\/div>\n\n\n\n<div data-block-name=\"woocommerce\/empty-cart-block\" class=\"wp-block-woocommerce-empty-cart-block\">\n<h2 class=\"wp-block-heading has-text-align-center with-empty-cart-icon wc-block-cart__empty-cart__title\">Tw\u00f3j koszyk jest obecnie pusty!<\/h2>\n\n\n\n<hr class=\"wp-block-separator has-alpha-channel-opacity is-style-dots\"\/>\n\n\n\n<h2 class=\"wp-block-heading has-text-align-center\">Nowe w sklepie<\/h2>\n\n\n<div data-block-name=\"woocommerce\/product-new\" data-columns=\"4\" data-rows=\"1\" class=\"wc-block-grid wp-block-product-new wp-block-woocommerce-product-new wc-block-product-new has-4-columns\"><ul class=\"wc-block-grid__products\"><li class=\"wc-block-grid__product\">\n\t\t\t\t<a href=\"https:\/\/jmiodek.aivikando.com.pl\/?product=krowki-z-kwiatem-soli-morskiej-fleur-de-sel-premium\" class=\"wc-block-grid__product-link\">\n\t\t\t\t\t\n\t\t\t\t\t<div class=\"wc-block-grid__product-image\"><img loading=\"lazy\" decoding=\"async\" width=\"300\" height=\"300\" src=\"https:\/\/jmiodek.aivikando.com.pl\/wp-content\/uploads\/2026\/04\/9-300x300.png\" class=\"attachment-woocommerce_thumbnail size-woocommerce_thumbnail\" alt=\"Kr\u00f3wki z kwiatem soli morskiej Fleur de Sel PREMIUM\" srcset=\"https:\/\/jmiodek.aivikando.com.pl\/wp-content\/uploads\/2026\/04\/9-300x300.png 300w, https:\/\/jmiodek.aivikando.com.pl\/wp-content\/uploads\/2026\/04\/9-150x150.png 150w, https:\/\/jmiodek.aivikando.com.pl\/wp-content\/uploads\/2026\/04\/9-600x600.png 600w, https:\/\/jmiodek.aivikando.com.pl\/wp-content\/uploads\/2026\/04\/9.png 900w\" sizes=\"auto, (max-width: 300px) 100vw, 300px\" \/><\/div>\n\t\t\t\t\t<div class=\"wc-block-grid__product-title\">Kr\u00f3wki z kwiatem soli morskiej Fleur de Sel PREMIUM<\/div>\n\t\t\t\t<\/a>\n\t\t\t\t<div class=\"wc-block-grid__product-price price\"><\/div>\n\t\t\t\t\n\t\t\t\t<div class=\"wp-block-button wc-block-grid__product-add-to-cart\"><a href=\"https:\/\/jmiodek.aivikando.com.pl\/?product=krowki-z-kwiatem-soli-morskiej-fleur-de-sel-premium\" aria-label=\"Wybierz opcje dla &bdquo;Kr\u00f3wki z kwiatem soli morskiej Fleur de Sel PREMIUM&rdquo;\" data-quantity=\"1\" data-product_id=\"352\" data-product_sku=\"\" data-price=\"75\" rel=\"nofollow\" class=\"wp-block-button__link  add_to_cart_button\">Wybierz opcje<\/a><\/div>\n\t\t\t<\/li><li class=\"wc-block-grid__product\">\n\t\t\t\t<a href=\"https:\/\/jmiodek.aivikando.com.pl\/?product=krowka-kakaowe-premium\" class=\"wc-block-grid__product-link\">\n\t\t\t\t\t\n\t\t\t\t\t<div class=\"wc-block-grid__product-image\"><img loading=\"lazy\" decoding=\"async\" width=\"300\" height=\"300\" src=\"https:\/\/jmiodek.aivikando.com.pl\/wp-content\/uploads\/2026\/04\/Projekt-bez-nazwy-1-300x300.png\" class=\"attachment-woocommerce_thumbnail size-woocommerce_thumbnail\" alt=\"Kr\u00f3wka kakaowe PREMIUM\" srcset=\"https:\/\/jmiodek.aivikando.com.pl\/wp-content\/uploads\/2026\/04\/Projekt-bez-nazwy-1-300x300.png 300w, https:\/\/jmiodek.aivikando.com.pl\/wp-content\/uploads\/2026\/04\/Projekt-bez-nazwy-1-150x150.png 150w\" sizes=\"auto, (max-width: 300px) 100vw, 300px\" \/><\/div>\n\t\t\t\t\t<div class=\"wc-block-grid__product-title\">Kr\u00f3wka kakaowe PREMIUM<\/div>\n\t\t\t\t<\/a>\n\t\t\t\t<div class=\"wc-block-grid__product-price price\"><\/div>\n\t\t\t\t\n\t\t\t\t<div class=\"wp-block-button wc-block-grid__product-add-to-cart\"><a href=\"https:\/\/jmiodek.aivikando.com.pl\/?product=krowka-kakaowe-premium\" aria-label=\"Wybierz opcje dla &bdquo;Kr\u00f3wka kakaowe PREMIUM&rdquo;\" data-quantity=\"1\" data-product_id=\"290\" data-product_sku=\"\" data-price=\"75\" rel=\"nofollow\" class=\"wp-block-button__link  add_to_cart_button\">Wybierz opcje<\/a><\/div>\n\t\t\t<\/li><li class=\"wc-block-grid__product\">\n\t\t\t\t<a href=\"https:\/\/jmiodek.aivikando.com.pl\/?product=krowka-kokosowe-premium\" class=\"wc-block-grid__product-link\">\n\t\t\t\t\t\n\t\t\t\t\t<div class=\"wc-block-grid__product-image\"><img loading=\"lazy\" decoding=\"async\" width=\"300\" height=\"300\" src=\"https:\/\/jmiodek.aivikando.com.pl\/wp-content\/uploads\/2026\/04\/IMG_20220308_112635-scaled-2-300x300.jpg\" class=\"attachment-woocommerce_thumbnail size-woocommerce_thumbnail\" alt=\"Kr\u00f3wka kokosowe PREMIUM\" srcset=\"https:\/\/jmiodek.aivikando.com.pl\/wp-content\/uploads\/2026\/04\/IMG_20220308_112635-scaled-2-300x300.jpg 300w, https:\/\/jmiodek.aivikando.com.pl\/wp-content\/uploads\/2026\/04\/IMG_20220308_112635-scaled-2-150x150.jpg 150w\" sizes=\"auto, (max-width: 300px) 100vw, 300px\" \/><\/div>\n\t\t\t\t\t<div class=\"wc-block-grid__product-title\">Kr\u00f3wka kokosowe PREMIUM<\/div>\n\t\t\t\t<\/a>\n\t\t\t\t<div class=\"wc-block-grid__product-price price\">od <span class=\"woocommerce-Price-amount amount\">45,00&nbsp;<span class=\"woocommerce-Price-currencySymbol\">&#122;&#322;<\/span><\/span><\/div>\n\t\t\t\t\n\t\t\t\t<div class=\"wp-block-button wc-block-grid__product-add-to-cart\"><a href=\"https:\/\/jmiodek.aivikando.com.pl\/?product=krowka-kokosowe-premium\" aria-label=\"Wybierz opcje dla &bdquo;Kr\u00f3wka kokosowe PREMIUM&rdquo;\" data-quantity=\"1\" data-product_id=\"278\" data-product_sku=\"\" data-price=\"45\" rel=\"nofollow\" class=\"wp-block-button__link  add_to_cart_button\">Wybierz opcje<\/a><\/div>\n\t\t\t<\/li><li class=\"wc-block-grid__product\">\n\t\t\t\t<a href=\"https:\/\/jmiodek.aivikando.com.pl\/?product=krowka-klasyczna-premium\" class=\"wc-block-grid__product-link\">\n\t\t\t\t\t\n\t\t\t\t\t<div class=\"wc-block-grid__product-image\"><img loading=\"lazy\" decoding=\"async\" width=\"300\" height=\"300\" src=\"https:\/\/jmiodek.aivikando.com.pl\/wp-content\/uploads\/2026\/04\/IMG_20220524_125401-scaled-1-300x300.jpg\" class=\"attachment-woocommerce_thumbnail size-woocommerce_thumbnail\" alt=\"Kr\u00f3wka klasyczna PREMIUM\" srcset=\"https:\/\/jmiodek.aivikando.com.pl\/wp-content\/uploads\/2026\/04\/IMG_20220524_125401-scaled-1-300x300.jpg 300w, https:\/\/jmiodek.aivikando.com.pl\/wp-content\/uploads\/2026\/04\/IMG_20220524_125401-scaled-1-150x150.jpg 150w\" sizes=\"auto, (max-width: 300px) 100vw, 300px\" \/><\/div>\n\t\t\t\t\t<div class=\"wc-block-grid__product-title\">Kr\u00f3wka klasyczna PREMIUM<\/div>\n\t\t\t\t<\/a>\n\t\t\t\t<div class=\"wc-block-grid__product-price price\">od <span class=\"woocommerce-Price-amount amount\">40,00&nbsp;<span class=\"woocommerce-Price-currencySymbol\">&#122;&#322;<\/span><\/span><\/div>\n\t\t\t\t\n\t\t\t\t<div class=\"wp-block-button wc-block-grid__product-add-to-cart\"><a href=\"https:\/\/jmiodek.aivikando.com.pl\/?product=krowka-klasyczna-premium\" aria-label=\"Wybierz opcje dla &bdquo;Kr\u00f3wka klasyczna PREMIUM&rdquo;\" data-quantity=\"1\" data-product_id=\"149\" data-product_sku=\"\" data-price=\"40\" rel=\"nofollow\" class=\"wp-block-button__link  add_to_cart_button\">Wybierz opcje<\/a><\/div>\n\t\t\t<\/li><\/ul><\/div><\/div>\n<\/div>\n","protected":false},"excerpt":{"rendered":"Zobacz inne r\u00f3wnie interesuj\u0105ce&hellip; Tw\u00f3j koszyk jest obecnie pusty! Nowe w sklepie","protected":false},"author":1,"featured_media":0,"parent":0,"menu_order":0,"comment_status":"closed","ping_status":"closed","template":"","meta":{"footnotes":""},"class_list":["post-10","page","type-page","status-publish","hentry"],"_links":{"self":[{"href":"https:\/\/jmiodek.aivikando.com.pl\/index.php?rest_route=\/wp\/v2\/pages\/10","targetHints":{"allow":["GET"]}}],"collection":[{"href":"https:\/\/jmiodek.aivikando.com.pl\/index.php?rest_route=\/wp\/v2\/pages"}],"about":[{"href":"https:\/\/jmiodek.aivikando.com.pl\/index.php?rest_route=\/wp\/v2\/types\/page"}],"author":[{"embeddable":true,"href":"https:\/\/jmiodek.aivikando.com.pl\/index.php?rest_route=\/wp\/v2\/users\/1"}],"replies":[{"embeddable":true,"href":"https:\/\/jmiodek.aivikando.com.pl\/index.php?rest_route=%2Fwp%2Fv2%2Fcomments&post=10"}],"version-history":[{"count":1,"href":"https:\/\/jmiodek.aivikando.com.pl\/index.php?rest_route=\/wp\/v2\/pages\/10\/revisions"}],"predecessor-version":[{"id":200,"href":"https:\/\/jmiodek.aivikando.com.pl\/index.php?rest_route=\/wp\/v2\/pages\/10\/revisions\/200"}],"wp:attachment":[{"href":"https:\/\/jmiodek.aivikando.com.pl\/index.php?rest_route=%2Fwp%2Fv2%2Fmedia&parent=10"}],"curies":[{"name":"wp","href":"https:\/\/api.w.org\/{rel}","templated":true}]}}